{"id":213,"date":"2018-07-23T16:34:11","date_gmt":"2018-07-23T14:34:11","guid":{"rendered":"http:\/\/wonderfuel.kreafaktur.com\/?post_type=product&#038;p=213"},"modified":"2023-10-27T18:09:36","modified_gmt":"2023-10-27T16:09:36","slug":"anzuendholz","status":"publish","type":"product","link":"https:\/\/www.wonderfuel.de\/index.php\/produkt\/anzuendholz\/","title":{"rendered":"Anz\u00fcndholz"},"content":{"rendered":"<p>wonderfuel &#8211; Anz\u00fcndholz wird aus rein nat\u00fcrlichen Nadelholz und in Deutschland hergestellt.<\/p>\n<p>Es dient der Unterst\u00fctzung und Starthilfe f\u00fcr das sichere und schnelle Anz\u00fcnden eines Feuers.<\/p>\n<p>In Verbindung mit unserer Anz\u00fcndwolle gelingt Ihnen so spielend ein professionelles Ergebnis.<\/p>\n<p>wonderfuel w\u00fcnscht Ihnen, entspannende Stunden mit unserem Qualit\u00e4tsprodukt.<\/p>\n","protected":false},"excerpt":{"rendered":"<p>wonderfuel \u2013 Anz\u00fcndholz<br \/>\n10 dm\u00b3 (ca. 4 kg) reines Nadelholz, max. 8% Holzfeuchte.<\/p>\n","protected":false},"featured_media":1109,"comment_status":"closed","ping_status":"closed","template":"","meta":[],"product_cat":[38],"product_tag":[],"_links":{"self":[{"href":"https:\/\/www.wonderfuel.de\/index.php\/wp-json\/wp\/v2\/product\/213"}],"collection":[{"href":"https:\/\/www.wonderfuel.de\/index.php\/wp-json\/wp\/v2\/product"}],"about":[{"href":"https:\/\/www.wonderfuel.de\/index.php\/wp-json\/wp\/v2\/types\/product"}],"replies":[{"embeddable":true,"href":"https:\/\/www.wonderfuel.de\/index.php\/wp-json\/wp\/v2\/comments?post=213"}],"wp:featuredmedia":[{"embeddable":true,"href":"https:\/\/www.wonderfuel.de\/index.php\/wp-json\/wp\/v2\/media\/1109"}],"wp:attachment":[{"href":"https:\/\/www.wonderfuel.de\/index.php\/wp-json\/wp\/v2\/media?parent=213"}],"wp:term":[{"taxonomy":"product_cat","embeddable":true,"href":"https:\/\/www.wonderfuel.de\/index.php\/wp-json\/wp\/v2\/product_cat?post=213"},{"taxonomy":"product_tag","embeddable":true,"href":"https:\/\/www.wonderfuel.de\/index.php\/wp-json\/wp\/v2\/product_tag?post=213"}],"curies":[{"name":"wp","href":"https:\/\/api.w.org\/{rel}","templated":true}]}}