{"id":212,"date":"2018-07-23T16:33:35","date_gmt":"2018-07-23T14:33:35","guid":{"rendered":"http:\/\/wonderfuel.kreafaktur.com\/?post_type=product&#038;p=212"},"modified":"2022-09-12T12:49:29","modified_gmt":"2022-09-12T10:49:29","slug":"anzuendwolle","status":"publish","type":"product","link":"https:\/\/www.wonderfuel.de\/index.php\/produkt\/anzuendwolle\/","title":{"rendered":"Anz\u00fcndwolle"},"content":{"rendered":"<p>Heum\u00fcller &#8211; Anz\u00fcndwolle wird aus rein nat\u00fcrlicher Holzwolle hergestellt und in Wachs getr\u00e4nkt.<\/p>\n<p>+ Extrem hei\u00dfe Flamme,<br \/>\n+ Sehr langer Abbrannt,<\/p>\n<p>sie dient als Starthilfe und ist ein Garant f\u00fcr das sichere und schnelles Anz\u00fcnden eines Feuers.<\/p>\n<p>In Verbindung mit unserem Anz\u00fcndholz gelingt Ihnen so spielend ein professionelles Ergebnis.<\/p>\n<p>wonderfuel w\u00fcnscht Ihnen, entspannende Stunden mit unserem Qualit\u00e4tsprodukt.<\/p>\n","protected":false},"excerpt":{"rendered":"<p>Heum\u00fcller &#8211; Anz\u00fcndwolle<br \/>\n48 St\u00fcck Holzwolleb\u00e4llchen in Wachs getr\u00e4nkt.<br \/>\nSauber verpackt und einfach in der Handhabung. <\/p>\n","protected":false},"featured_media":1112,"comment_status":"closed","ping_status":"closed","template":"","meta":[],"product_cat":[39],"product_tag":[],"_links":{"self":[{"href":"https:\/\/www.wonderfuel.de\/index.php\/wp-json\/wp\/v2\/product\/212"}],"collection":[{"href":"https:\/\/www.wonderfuel.de\/index.php\/wp-json\/wp\/v2\/product"}],"about":[{"href":"https:\/\/www.wonderfuel.de\/index.php\/wp-json\/wp\/v2\/types\/product"}],"replies":[{"embeddable":true,"href":"https:\/\/www.wonderfuel.de\/index.php\/wp-json\/wp\/v2\/comments?post=212"}],"wp:featuredmedia":[{"embeddable":true,"href":"https:\/\/www.wonderfuel.de\/index.php\/wp-json\/wp\/v2\/media\/1112"}],"wp:attachment":[{"href":"https:\/\/www.wonderfuel.de\/index.php\/wp-json\/wp\/v2\/media?parent=212"}],"wp:term":[{"taxonomy":"product_cat","embeddable":true,"href":"https:\/\/www.wonderfuel.de\/index.php\/wp-json\/wp\/v2\/product_cat?post=212"},{"taxonomy":"product_tag","embeddable":true,"href":"https:\/\/www.wonderfuel.de\/index.php\/wp-json\/wp\/v2\/product_tag?post=212"}],"curies":[{"name":"wp","href":"https:\/\/api.w.org\/{rel}","templated":true}]}}