{"id":211,"date":"2018-07-23T16:32:44","date_gmt":"2018-07-23T14:32:44","guid":{"rendered":"http:\/\/wonderfuel.kreafaktur.com\/?post_type=product&#038;p=211"},"modified":"2025-09-30T20:52:15","modified_gmt":"2025-09-30T18:52:15","slug":"holzbriketts","status":"publish","type":"product","link":"https:\/\/www.wonderfuel.de\/index.php\/produkt\/holzbriketts\/","title":{"rendered":"Holzbriketts"},"content":{"rendered":"<p>Unser Produkt steht f\u00fcr ein MAXIMUM an QUALIT\u00c4T!<br \/>\nWir verlassen uns nicht auf Zertifizierungen oder Normen, ob DINplus, \u00d6Norm oder PEFC, wir testen jedes Produkt ausgiebig vor einer Aufnahme in unser Sortiment.<\/p>\n<p>Holzbrikett ist nicht gleich Holzbrikett!<\/p>\n<p>MADE IN GERMANY ist f\u00fcr uns eine Selbstverst\u00e4ndlichkeit.<br \/>\nEine gleichbleibend hohe Qualit\u00e4t unserer Hersteller, Wirtschaftlichkeit, Funktionalit\u00e4t, Handhabung, Verarbeitung, Abbrandverhalten, R\u00fcckst\u00e4nde und Energieausbeute sind nur einige Punkte auf die wir Wert legen im Test.<\/p>\n<p>Wer mag, hier noch ein paar Daten:<\/p>\n<p>langanhaltende W\u00e4rme, CO2-neutral,<br \/>\nhoher Heizwert (ca. 4,9 kWh\/kg),<br \/>\ngeringer Wassergehalt (max. 10%),<br \/>\nniedriger Aschegehalt (max. 0,5%),<br \/>\nZertifiziert nach DINplus\/\u00d6Norm,<br \/>\nPEFC steht f\u00fcr eine nachhaltige Waldwirtschaft,<br \/>\nverpackt in Paketen \u00e0 10 kg,<br \/>\n96 Pakete pro Palette,<br \/>\nplatzsparende und saubere Lagerung.<\/p>\n<p>Sehr hart verpresste Nadelholz-Briketts f\u00fcr eine lange Brenndauer, 5 runde Briketts im Folienpaket, 96 Pakete pro Palette.<br \/>\nJe nach gr\u00f6\u00dfe der Brennkammer empfiehlt es sich das Holzbrikett 1-2 mal zu zerbrechen.<br \/>\nHolzbriketts dehnen sich im Feuer stark aus und k\u00f6nnen die Brennkammer stark besch\u00e4digen.<\/p>\n<p>Hergestellt aus naturbelassenem Nadelholz ohne Zusatz von chemischen Bindemitteln.<br \/>\n<strong>PEFC ist ein transparentes und unabh\u00e4ngiges System zur Sicherstellung einer nachhaltigen Waldbewirtschaftung.<\/strong><\/p>\n<p>Ein absolutes Premiumprodukt in einer gleichbleibend sehr hohen Qualit\u00e4t!<\/p>\n<p>wonderfuel w\u00fcnscht Ihnen entspannende Stunden mit unserem Qualit\u00e4tsprodukt.<\/p>\n","protected":false},"excerpt":{"rendered":"<p>wonderfuel-Holzbriketts, Premiumqualit\u00e4t<br \/>\n\u00d8 90 mm, L\u00e4nge ca. 290 mm, DINplus\/\u00d6Norm und PEFC.<\/p>\n","protected":false},"featured_media":1110,"comment_status":"closed","ping_status":"closed","template":"","meta":[],"product_cat":[37],"product_tag":[],"_links":{"self":[{"href":"https:\/\/www.wonderfuel.de\/index.php\/wp-json\/wp\/v2\/product\/211"}],"collection":[{"href":"https:\/\/www.wonderfuel.de\/index.php\/wp-json\/wp\/v2\/product"}],"about":[{"href":"https:\/\/www.wonderfuel.de\/index.php\/wp-json\/wp\/v2\/types\/product"}],"replies":[{"embeddable":true,"href":"https:\/\/www.wonderfuel.de\/index.php\/wp-json\/wp\/v2\/comments?post=211"}],"wp:featuredmedia":[{"embeddable":true,"href":"https:\/\/www.wonderfuel.de\/index.php\/wp-json\/wp\/v2\/media\/1110"}],"wp:attachment":[{"href":"https:\/\/www.wonderfuel.de\/index.php\/wp-json\/wp\/v2\/media?parent=211"}],"wp:term":[{"taxonomy":"product_cat","embeddable":true,"href":"https:\/\/www.wonderfuel.de\/index.php\/wp-json\/wp\/v2\/product_cat?post=211"},{"taxonomy":"product_tag","embeddable":true,"href":"https:\/\/www.wonderfuel.de\/index.php\/wp-json\/wp\/v2\/product_tag?post=211"}],"curies":[{"name":"wp","href":"https:\/\/api.w.org\/{rel}","templated":true}]}}