{"id":207,"date":"2018-07-23T16:22:42","date_gmt":"2018-07-23T14:22:42","guid":{"rendered":"http:\/\/wonderfuel.kreafaktur.com\/?post_type=product&#038;p=207"},"modified":"2024-08-30T19:47:27","modified_gmt":"2024-08-30T17:47:27","slug":"brennholz-lose-ware","status":"publish","type":"product","link":"https:\/\/www.wonderfuel.de\/index.php\/produkt\/brennholz-lose-ware\/","title":{"rendered":"Brennholz &#8211; Lose Ware"},"content":{"rendered":"<p>wonderfuel-Brennholz<\/p>\n<p>100 % Buchenholz, trocken und gespaltet.<\/p>\n<p>Die Ma\u00dfeinheit betr\u00e4gt 1 Raummeter (Rm) oder ca. 1,4 Sch\u00fcttraummeter (SRm).<\/p>\n<p>wonderfuel setzt neue Ma\u00dfst\u00e4be, Werte weit unter 15 % Holzfeuchte im Holzkern suchen seines gleichen.<\/p>\n<p>Jedes Prozent weniger an Wasser im Holz ist Ihr Gewinn an Energie.<\/p>\n<p>wonderfuel w\u00fcnscht Ihnen entspannende Stunden mit unserem Qualit\u00e4tsprodukt.<\/p>\n","protected":false},"excerpt":{"rendered":"<p>wonderfuel &#8211; Brennholz<br \/>\n1 Raummeter (Rm) Buchenholz aus heimischen W\u00e4ldern,<br \/>\nmax. 15% Holzfeuchte, ges\u00e4gt auf L\u00e4nge und gespaltet.<\/p>\n","protected":false},"featured_media":386,"comment_status":"closed","ping_status":"closed","template":"","meta":[],"product_cat":[35],"product_tag":[],"_links":{"self":[{"href":"https:\/\/www.wonderfuel.de\/index.php\/wp-json\/wp\/v2\/product\/207"}],"collection":[{"href":"https:\/\/www.wonderfuel.de\/index.php\/wp-json\/wp\/v2\/product"}],"about":[{"href":"https:\/\/www.wonderfuel.de\/index.php\/wp-json\/wp\/v2\/types\/product"}],"replies":[{"embeddable":true,"href":"https:\/\/www.wonderfuel.de\/index.php\/wp-json\/wp\/v2\/comments?post=207"}],"wp:featuredmedia":[{"embeddable":true,"href":"https:\/\/www.wonderfuel.de\/index.php\/wp-json\/wp\/v2\/media\/386"}],"wp:attachment":[{"href":"https:\/\/www.wonderfuel.de\/index.php\/wp-json\/wp\/v2\/media?parent=207"}],"wp:term":[{"taxonomy":"product_cat","embeddable":true,"href":"https:\/\/www.wonderfuel.de\/index.php\/wp-json\/wp\/v2\/product_cat?post=207"},{"taxonomy":"product_tag","embeddable":true,"href":"https:\/\/www.wonderfuel.de\/index.php\/wp-json\/wp\/v2\/product_tag?post=207"}],"curies":[{"name":"wp","href":"https:\/\/api.w.org\/{rel}","templated":true}]}}