{"id":163,"date":"2018-07-23T13:40:50","date_gmt":"2018-07-23T11:40:50","guid":{"rendered":"http:\/\/wonderfuel.kreafaktur.com\/?post_type=product&#038;p=163"},"modified":"2025-12-17T13:06:33","modified_gmt":"2025-12-17T12:06:33","slug":"holzpellets-verpackte-ware","status":"publish","type":"product","link":"https:\/\/www.wonderfuel.de\/index.php\/produkt\/holzpellets-verpackte-ware\/","title":{"rendered":"Holzpellets &#8211; Verpackte Ware"},"content":{"rendered":"<p>Unser Produkt steht f\u00fcr ein MAXIMUM an QUALIT\u00c4T!<br \/>\nWir verlassen uns nicht auf Zertifizierungen oder Normen.<br \/>\nOb DINplus, ENplus A1 oder HD-Technologie, das alles erf\u00fcllt unser Produkt mit Bravour, dennoch testen wir jedes Produkt ausgiebig vor einer Aufnahme in unser Sortiment.<\/p>\n<p>Holzpellet ist nicht gleich Holzpellet!<\/p>\n<p>MADE IN GERMANY ist f\u00fcr uns eine Selbstverst\u00e4ndlichkeit.<br \/>\nEine gleichbleibende hohe Qualit\u00e4t unserer Hersteller, Wirtschaftlichkeit, Funktionalit\u00e4t, Handhabung, Verarbeitung, Abbrandverhalten, R\u00fcckst\u00e4nde und Energieausbeute sind nur einige Punkte auf die wir gro\u00dfen Wert legen.<\/p>\n<p>Wer mag, hier noch ein paar Daten:<\/p>\n<ul>\n<li>hoher Heizwert (ca. 4,9 kWh\/kg)<\/li>\n<li>geringer Wassergehalt (max. 7%)<\/li>\n<li>niedriger Aschegehalt (max. 0,4%)<\/li>\n<li>hohe mechanische Festigkeit<\/li>\n<li>geringer Feinanteil<\/li>\n<li>hohe Sch\u00fcttdichte<\/li>\n<li>Zertifiziert nach DINplus, ENplus (A1), Hd-Technologie und PEFC<\/li>\n<li>PEFC steht f\u00fcr eine nachhaltige Waldwirtschaft<\/li>\n<li>Verpackt in S\u00e4cken \u00e0 15 kg<\/li>\n<li>66 S\u00e4cke pro Palette<\/li>\n<\/ul>\n<p>Hergestellt aus naturbelassenem Nadelholz ohne Zusatz von chemischen Bindemitteln.<br \/>\nPEFC steht f\u00fcr eine nachhaltige Waldwirtschaft.<br \/>\n<strong>PEFC ist ein transparentes und unabh\u00e4ngiges System zur Sicherstellung einer nachhaltigen Waldbewirtschaftung und damit ein weltweiter &#8222;Wald-T\u00dcV&#8220;.<\/strong><\/p>\n<p>wonderfuel w\u00fcnscht Ihnen entspannende Stunden mit unserem Qualit\u00e4tsprodukt.<\/p>\n","protected":false},"excerpt":{"rendered":"<p>wonderfuel-Holzpellets<br \/>\n\u00d8 6mm, HD Technologie, DINplus, ENplus (A1) und PEFC.<\/p>\n","protected":false},"featured_media":1286,"comment_status":"closed","ping_status":"closed","template":"","meta":[],"product_cat":[36],"product_tag":[],"_links":{"self":[{"href":"https:\/\/www.wonderfuel.de\/index.php\/wp-json\/wp\/v2\/product\/163"}],"collection":[{"href":"https:\/\/www.wonderfuel.de\/index.php\/wp-json\/wp\/v2\/product"}],"about":[{"href":"https:\/\/www.wonderfuel.de\/index.php\/wp-json\/wp\/v2\/types\/product"}],"replies":[{"embeddable":true,"href":"https:\/\/www.wonderfuel.de\/index.php\/wp-json\/wp\/v2\/comments?post=163"}],"wp:featuredmedia":[{"embeddable":true,"href":"https:\/\/www.wonderfuel.de\/index.php\/wp-json\/wp\/v2\/media\/1286"}],"wp:attachment":[{"href":"https:\/\/www.wonderfuel.de\/index.php\/wp-json\/wp\/v2\/media?parent=163"}],"wp:term":[{"taxonomy":"product_cat","embeddable":true,"href":"https:\/\/www.wonderfuel.de\/index.php\/wp-json\/wp\/v2\/product_cat?post=163"},{"taxonomy":"product_tag","embeddable":true,"href":"https:\/\/www.wonderfuel.de\/index.php\/wp-json\/wp\/v2\/product_tag?post=163"}],"curies":[{"name":"wp","href":"https:\/\/api.w.org\/{rel}","templated":true}]}}