{"id":29,"date":"2018-07-13T15:55:48","date_gmt":"2018-07-13T13:55:48","guid":{"rendered":"http:\/\/wonderfuel.kreafaktur.com\/?page_id=29"},"modified":"2024-05-15T19:20:23","modified_gmt":"2024-05-15T17:20:23","slug":"impressum-datenschutz","status":"publish","type":"page","link":"https:\/\/www.wonderfuel.de\/index.php\/impressum-datenschutz\/","title":{"rendered":"Impressum \/ Datenschutz"},"content":{"rendered":"[mk_page_section][vc_column width=&#8220;1\/2&#8243;][vc_empty_space height=&#8220;75&#8243;][mk_fancy_title font_family=&#8220;none&#8220; responsive_align=&#8220;left&#8220;]\n<h1>Impressum<\/h1>\n<p><img loading=\"lazy\" class=\"alignnone size-full wp-image-225\" src=\"https:\/\/www.wonderfuel.de\/wp-content\/uploads\/2018\/07\/trennlinie-wonderfuel.png\" alt=\"\" width=\"31\" height=\"8\" \/>[\/mk_fancy_title][vc_column_text css=&#8220;.vc_custom_1715793618956{margin-bottom: 0px !important;}&#8220;]Wonderfuel GmbH<br \/>\nFinkenstra\u00dfe 3<br \/>\nD-71577 Gro\u00dferlach<\/p>\n<p>Vertretungsberechtigter Gesch\u00e4ftsf\u00fchrer: Markus Pfreundtner<\/p>\n<p>Telefon: +49 (0) 7192 \/ 9313647<br \/>\nE-mail: info@wonderfuel.de<\/p>\n<p>Registergericht: Amtsgericht Stuttgart<br \/>\nRegisternummer: HRB 737273<\/p>\n<p>Umsatzsteuer-Identifikationsnummer gem. \u00a7 27a UStG: DE 277489019[\/vc_column_text][\/vc_column][vc_column width=&#8220;1\/2&#8243;][vc_empty_space height=&#8220;75&#8243;][vc_column_text css=&#8220;.vc_custom_1532423077452{margin-bottom: 0px !important;}&#8220;]\n<div class=\"columns content-format small-12 medium-12 large-6 \">\n<div class=\"columns-inner\">\n<div id=\"c316\">\n<div class=\"ce-textpic ce-right ce-intext\">\n<div class=\"ce-bodytext\">\n<h2>Haftungsausschluss<\/h2>\n<p>Auf unseren Webseiten sind Links auf fremde Seiten enthalten. Wir machen uns den Inhalt dieser Seiten nicht zu Eigen. Sind Sie der Ansicht, dass Inhalte auf diesen Seiten rechtswidrig sind, bitten wir Sie um Mitteilung an oben genannte E-Mail-Adresse.<\/p>\n<\/div>\n<\/div>\n<\/div>\n<\/div>\n<\/div>\n[\/vc_column_text][vc_empty_space height=&#8220;40&#8243;][vc_column_text css=&#8220;.vc_custom_1532423090166{margin-bottom: 0px !important;}&#8220;]\n<div class=\"columns content-format small-12 medium-12 large-6 \">\n<div class=\"columns-inner\">\n<div id=\"c316\">\n<div class=\"ce-textpic ce-right ce-intext\">\n<div class=\"ce-bodytext\">\n<h2>Urheberrecht<\/h2>\n<p>Texte, Bilder, Grafiken, Ton, Animationen und Videos sowie deren Anordnung auf unseren Internetseiten sind durch das Urheberrecht und andere Gesetze gesch\u00fctzt. Mit Ausnahme von uns angebotener Downloads und der Vervielf\u00e4ltigung ausschlie\u00dflich zu Privatzwecken verst\u00f6\u00dft die Verwendung dieser Inhalte (insbesondere die Vervielf\u00e4ltigung, \u00f6ffentliche Zug\u00e4nglichmachung, Bearbeitung), auch auszugsweise, ohne unsere vorherige schriftliche Zustimmung gegen die einschl\u00e4gigen rechtlichen Bestimmungen und kann zivil- und strafrechtliche Folgen nach sich ziehen.<\/p>\n<\/div>\n<\/div>\n<\/div>\n<\/div>\n<\/div>\n[\/vc_column_text][\/vc_column][vc_column][vc_empty_space height=&#8220;75&#8243;][mk_fancy_title font_family=&#8220;none&#8220; responsive_align=&#8220;left&#8220;]\n<h1>Datenschutzerkl\u00e4rung<\/h1>\n<p><img loading=\"lazy\" class=\"alignnone size-full wp-image-225\" src=\"https:\/\/www.wonderfuel.de\/wp-content\/uploads\/2018\/07\/trennlinie-wonderfuel.png\" alt=\"\" width=\"31\" height=\"8\" \/>[\/mk_fancy_title][vc_column_text css=&#8220;.vc_custom_1533643831215{margin-bottom: 0px !important;}&#8220;]\n<div id=\"datenschutzhinweise_html_text_output_div\" class=\"datenschutzhinweise_html_text_output html_text_output\">\n<p>Personenbezogene Daten (nachfolgend zumeist nur \u201eDaten\u201c genannt) werden von uns nur im Rahmen der Erforderlichkeit sowie zum Zwecke der Bereitstellung eines funktionsf\u00e4higen und nutzerfreundlichen Internetauftritts, inklusive seiner Inhalte und der dort angebotenen Leistungen, verarbeitet.<\/p>\n<p>Gem\u00e4\u00df Art. 4 Ziffer 1. der Verordnung (EU) 2016\/679, also der Datenschutz-Grundverordnung (nachfolgend nur \u201eDSGVO\u201c genannt), gilt als \u201eVerarbeitung\u201c jeder mit oder ohne Hilfe automatisierter Verfahren ausgef\u00fchrter Vorgang oder jede solche Vorgangsreihe im Zusammenhang mit personenbezogenen Daten, wie das Erheben, das Erfassen, die Organisation, das Ordnen, die Speicherung, die Anpassung oder Ver\u00e4nderung, das Auslesen, das Abfragen, die Verwendung, die Offenlegung durch \u00dcbermittlung, Verbreitung oder eine andere Form der Bereitstellung, den Abgleich oder die Verkn\u00fcpfung, die Einschr\u00e4nkung, das L\u00f6schen oder die Vernichtung.<\/p>\n<p>Mit der nachfolgenden Datenschutzerkl\u00e4rung informieren wir Sie insbesondere \u00fcber Art, Umfang, Zweck, Dauer und Rechtsgrundlage der Verarbeitung personenbezogener Daten, soweit wir entweder allein oder gemeinsam mit anderen \u00fcber die Zwecke und Mittel der Verarbeitung entscheiden. Zudem informieren wir Sie nachfolgend \u00fcber die von uns zu Optimierungszwecken sowie zur Steigerung der Nutzungsqualit\u00e4t eingesetzten Fremdkomponenten, soweit hierdurch Dritte Daten in wiederum eigener Verantwortung verarbeiten.<\/p>\n<p>Unsere Datenschutzerkl\u00e4rung ist wie folgt gegliedert:<\/p>\n<p>I. Informationen \u00fcber uns als Verantwortliche<br \/>\nII. Rechte der Nutzer und Betroffenen<br \/>\nIII. Informationen zur Datenverarbeitung<\/p>\n<p>&nbsp;<\/p>\n<h2>I. Informationen \u00fcber uns als Verantwortliche<\/h2>\n<p>Verantwortlicher Anbieter dieses Internetauftritts im datenschutzrechtlichen Sinne ist:<\/p>\n<p>Wonderfuel GmbH<br \/>\nFinkenstra\u00dfe 3<br \/>\nD-71577 Gro\u00dferlach<\/p>\n<p>Telefon: +49 (0) 7192 \/ 9313647<br \/>\nTelefax: +49 (0) 7192 \/ 9313648<br \/>\nE-mail: info@wonderfuel.de<\/p>\n<p>&nbsp;<\/p>\n<h2>II. Rechte der Nutzer und Betroffenen<\/h2>\n<p>Mit Blick auf die nachfolgend noch n\u00e4her beschriebene Datenverarbeitung haben die Nutzer und Betroffenen das Recht<\/p>\n<ul>\n<li>auf Best\u00e4tigung, ob sie betreffende Daten verarbeitet werden, auf Auskunft \u00fcber die verarbeiteten Daten, auf weitere Informationen \u00fcber die Datenverarbeitung sowie auf Kopien der Daten (vgl. auch Art. 15 DSGVO);<\/li>\n<li>auf Berichtigung oder Vervollst\u00e4ndigung unrichtiger bzw. unvollst\u00e4ndiger Daten (vgl. auch Art. 16 DSGVO);<\/li>\n<li>auf unverz\u00fcgliche L\u00f6schung der sie betreffenden Daten (vgl. auch Art. 17 DSGVO), oder, alternativ, soweit eine weitere Verarbeitung gem\u00e4\u00df Art. 17 Abs. 3 DSGVO erforderlich ist, auf Einschr\u00e4nkung der Verarbeitung nach Ma\u00dfgabe von Art. 18 DSGVO;<\/li>\n<li>auf Erhalt der sie betreffenden und von ihnen bereitgestellten Daten und auf \u00dcbermittlung dieser Daten an andere Anbieter\/Verantwortliche (vgl. auch Art. 20 DSGVO);<\/li>\n<li>auf Beschwerde gegen\u00fcber der Aufsichtsbeh\u00f6rde, sofern sie der Ansicht sind, dass die sie betreffenden Daten durch den Anbieter unter Versto\u00df gegen datenschutzrechtliche Bestimmungen verarbeitet werden (vgl. auch Art. 77 DSGVO).<\/li>\n<\/ul>\n<p>Dar\u00fcber hinaus ist der Anbieter dazu verpflichtet, alle Empf\u00e4nger, denen gegen\u00fcber Daten durch den Anbieter offengelegt worden sind, \u00fcber jedwede Berichtigung oder L\u00f6schung von Daten oder die Einschr\u00e4nkung der Verarbeitung, die aufgrund der Artikel 16, 17 Abs. 1, 18 DSGVO erfolgt, zu unterrichten. Diese Verpflichtung besteht jedoch nicht, soweit diese Mitteilung unm\u00f6glich oder mit einem unverh\u00e4ltnism\u00e4\u00dfigen Aufwand verbunden ist. Unbeschadet dessen hat der Nutzer ein Recht auf Auskunft \u00fcber diese Empf\u00e4nger.<\/p>\n<p><strong>Ebenfalls haben die Nutzer und Betroffenen nach Art. 21 DSGVO das Recht auf Widerspruch gegen die k\u00fcnftige Verarbeitung der sie betreffenden Daten, sofern die Daten durch den Anbieter nach Ma\u00dfgabe von Art. 6 Abs. 1 lit. f) DSGVO verarbeitet werden. Insbesondere ist ein Widerspruch gegen die Datenverarbeitung zum Zwecke der Direktwerbung statthaft.<\/strong><\/p>\n<p>&nbsp;<\/p>\n<h2>III. Informationen zur Datenverarbeitung<\/h2>\n<p>Ihre bei Nutzung unseres Internetauftritts verarbeiteten Daten werden gel\u00f6scht oder gesperrt, sobald der Zweck der Speicherung entf\u00e4llt, der L\u00f6schung der Daten keine gesetzlichen Aufbewahrungspflichten entgegenstehen und nachfolgend keine anderslautenden Angaben zu einzelnen Verarbeitungsverfahren gemacht werden.<\/p>\n<p>&nbsp;<\/p>\n<h3>Serverdaten<\/h3>\n<p>Aus technischen Gr\u00fcnden, insbesondere zur Gew\u00e4hrleistung eines sicheren und stabilen Internetauftritts, werden Daten durch Ihren Internet-Browser an uns bzw. an unseren Webspace-Provider \u00fcbermittelt. Mit diesen sog. Server-Logfiles werden u.a. Typ und Version Ihres Internetbrowsers, das Betriebssystem, die Website, von der aus Sie auf unseren Internetauftritt gewechselt haben (Referrer URL), die Website(s) unseres Internetauftritts, die Sie besuchen, Datum und Uhrzeit des jeweiligen Zugriffs sowie die IP-Adresse des Internetanschlusses, von dem aus die Nutzung unseres Internetauftritts erfolgt, erhoben.<\/p>\n<p>Diese so erhobenen Daten werden vorr\u00fcbergehend gespeichert, dies jedoch nicht gemeinsam mit anderen Daten von Ihnen.<\/p>\n<p>Diese Speicherung erfolgt auf der Rechtsgrundlage von Art. 6 Abs. 1 lit. f) DSGVO. Unser berechtigtes Interesse liegt in der Verbesserung, Stabilit\u00e4t, Funktionalit\u00e4t und Sicherheit unseres Internetauftritts.<\/p>\n<p>Die Daten werden sp\u00e4testens nach sieben Tage wieder gel\u00f6scht, soweit keine weitere Aufbewahrung zu Beweiszwecken erforderlich ist. Andernfalls sind die Daten bis zur endg\u00fcltigen Kl\u00e4rung eines Vorfalls ganz oder teilweise von der L\u00f6schung ausgenommen.<\/p>\n<h3><\/h3>\n<h3>Vertragsabwicklung<\/h3>\n<p>Die von Ihnen zur Inanspruchnahme unseres Waren- und\/oder Dienstleistungsangebots \u00fcbermittelten Daten werden von uns zum Zwecke der Vertragsabwicklung verarbeitet und sind insoweit erforderlich. Vertragsschluss und Vertragsabwicklung sind ohne Bereitstellung Ihrer Daten nicht m\u00f6glich.<\/p>\n<p>Rechtsgrundlage f\u00fcr die Verarbeitung ist Art. 6 Abs. 1 lit. b) DSGVO.<\/p>\n<p>Wir l\u00f6schen die Daten mit vollst\u00e4ndiger Vertragsabwicklung, m\u00fcssen dabei aber die steuer- und handelsrechtlichen Aufbewahrungsfristen beachten.<\/p>\n<p>Im Rahmen der Vertragsabwicklung geben wir Ihre Daten an das mit der Warenlieferung beauftragte Transportunternehmen oder an den Finanzdienstleister weiter, soweit die Weitergabe zur Warenauslieferung oder zu Bezahlzwecken erforderlich ist.<\/p>\n<p>Rechtsgrundlage f\u00fcr die Weitergabe der Daten ist dann Art. 6 Abs. 1 lit. b) DSGVO.<\/p>\n<h3><\/h3>\n<h3>Kundenkonto \/ Registrierungsfunktion<\/h3>\n<p>Falls Sie \u00fcber unseren Internetauftritt ein Kundenkonto bei uns anlegen, werden wir die von Ihnen bei der Registrierung eingegebenen Daten (also bspw. Ihren Namen, Ihre Anschrift oder Ihre E-Mail-Adresse) ausschlie\u00dflich f\u00fcr vorvertragliche Leistungen, f\u00fcr die Vertragserf\u00fcllung oder zum Zwecke der Kundenpflege (bspw. um Ihnen eine \u00dcbersicht \u00fcber Ihre bisherigen Bestellungen bei uns zur Verf\u00fcgung zu stellen oder um Ihnen die sog. Merkzettelfunktion anbieten zu k\u00f6nnen) erheben und speichern. Gleichzeitig speichern wir dann die IP-Adresse und das Datum Ihrer Registrierung nebst Uhrzeit. Eine Weitergabe dieser Daten an Dritte erfolgt nat\u00fcrlich nicht.<\/p>\n<p>Im Rahmen des weiteren Anmeldevorgangs wird Ihre Einwilligung in diese Verarbeitung eingeholt und auf diese Datenschutzerkl\u00e4rung verwiesen. Die dabei von uns erhobenen Daten werden ausschlie\u00dflich f\u00fcr die Zurverf\u00fcgungstellung des Kundenkontos verwendet.<\/p>\n<p>Soweit Sie in diese Verarbeitung einwilligen, ist Art. 6 Abs. 1 lit. a) DSGVO Rechtsgrundlage f\u00fcr die Verarbeitung.<\/p>\n<p>Sofern die Er\u00f6ffnung des Kundenkontos zus\u00e4tzlich auch vorvertraglichen Ma\u00dfnahmen oder der Vertragserf\u00fcllung dient, so ist Rechtsgrundlage f\u00fcr diese Verarbeitung auch noch Art. 6 Abs. 1 lit. b) DSGVO.<\/p>\n<p>Die uns erteilte Einwilligung in die Er\u00f6ffnung und den Unterhalt des Kundenkontos k\u00f6nnen Sie gem\u00e4\u00df Art. 7 Abs. 3 DSGVO jederzeit mit Wirkung f\u00fcr die Zukunft widerrufen. Hierzu m\u00fcssen Sie uns lediglich \u00fcber Ihren Widerruf in Kenntnis setzen.<\/p>\n<p>Die insoweit erhobenen Daten werden gel\u00f6scht, sobald die Verarbeitung nicht mehr erforderlich ist. Hierbei m\u00fcssen wir aber steuer- und handelsrechtliche Aufbewahrungsfristen beachten.<\/p>\n<h3><\/h3>\n<h3>Kontaktanfragen \/ Kontaktm\u00f6glichkeit<\/h3>\n<p>Sofern Sie per Kontaktformular oder E-Mail mit uns in Kontakt treten, werden die dabei von Ihnen angegebenen Daten zur Bearbeitung Ihrer Anfrage genutzt. Die Angabe der Daten ist zur Bearbeitung und Beantwortung Ihre Anfrage erforderlich &#8211; ohne deren Bereitstellung k\u00f6nnen wir Ihre Anfrage nicht oder allenfalls eingeschr\u00e4nkt beantworten.<\/p>\n<p>Rechtsgrundlage f\u00fcr diese Verarbeitung ist Art. 6 Abs. 1 lit. b) DSGVO.<\/p>\n<p>Ihre Daten werden gel\u00f6scht, sofern Ihre Anfrage abschlie\u00dfend beantwortet worden ist und der L\u00f6schung keine gesetzlichen Aufbewahrungspflichten entgegenstehen, wie bspw. bei einer sich etwaig anschlie\u00dfenden Vertragsabwicklung.<\/p>\n<h3><\/h3>\n<h3>Einsatz von Matomo<\/h3>\n<p>Auf dieser Website werden unter Einsatz der Webanalysedienst-Software Matomo (www.matomo.org), einem Dienst des Anbieters InnoCraft Ltd., 150 Willis St, 6011 Wellington, Neuseeland, (\u201eMataomo\u201c) auf Basis unseres berechtigten Interesses an der statistischen Analyse des Nutzerverhaltens zu Optimierungs- und Marketingzwecken gem\u00e4\u00df Art. 6 Abs. 1 lit. f DSGVO Daten gesammelt und gespeichert. Aus diesen Daten k\u00f6nnen zum selben Zweck pseudonymisierte Nutzungsprofile erstellt und ausgewertet werden.<\/p>\n<p>Hierzu k\u00f6nnen Cookies eingesetzt werden. Bei Cookies handelt es sich um kleine Textdateien, die lokal im Zwischenspeicher des Internet-Browsers des Seitenbesuchers gespeichert werden. Die Cookies erm\u00f6glichen unter anderem die Wiedererkennung des Internet-Browsers. Die mit der Matomo-Technologie erhobenen Daten (einschlie\u00dflich Ihrer pseudonymisierten IP-Adresse) werden auf unseren Servern verarbeitet.<\/p>\n<p>Die durch das Cookie erzeugten Informationen im pseudonymen Nutzerprofil werden nicht dazu benutzt, den Besucher dieser Website pers\u00f6nlich zu identifizieren und nicht mit personenbezogenen Daten \u00fcber den Tr\u00e4ger des Pseudonyms zusammengef\u00fchrt. Wenn Sie mit der Speicherung und Auswertung dieser Daten aus Ihrem Besuch nicht einverstanden sind, dann k\u00f6nnen Sie der Speicherung und Nutzung per Kontaktformular jederzeit widersprechen. In diesem Fall werden wir Ihre Daten l\u00f6schen.<\/p>\n<h3><\/h3>\n<h3>Google-Maps<\/h3>\n<p>In unserem Internetauftritt setzen wir Google Maps zur Darstellung unseres Standorts sowie zur Erstellung einer Anfahrtsbeschreibung ein. Es handelt sich hierbei um einen Dienst der Google LLC, 1600 Amphitheatre Parkway, Mountain View, CA 94043 USA, nachfolgend nur \u201eGoogle\u201c genannt.<\/p>\n<p>Durch die Zertifizierung nach dem EU-US-Datenschutzschild (\u201eEU-US Privacy Shield\u201c)<\/p>\n<p><a href=\"https:\/\/www.privacyshield.gov\/participant?id=a2zt000000001L5AAI&amp;status=Active\" target=\"_blank\" rel=\"noopener\">https:\/\/www.privacyshield.gov\/participant?id=a2zt000000001L5AAI&amp;status=Active<\/a><\/p>\n<p>garantiert Google, dass die Datenschutzvorgaben der EU auch bei der Verarbeitung von Daten in den USA eingehalten werden.<\/p>\n<p>Um die Darstellung bestimmter Schriften in unserem Internetauftritt zu erm\u00f6glichen, wird bei Aufruf unseres Internetauftritts eine Verbindung zu dem Google-Server in den USA aufgebaut.<\/p>\n<p>Sofern Sie die in unseren Internetauftritt eingebundene Komponente Google Maps aufrufen, speichert Google \u00fcber Ihren Internet-Browser ein Cookie auf Ihrem Endger\u00e4t. Um unseren Standort anzuzeigen und eine Anfahrtsbeschreibung zu erstellen, werden Ihre Nutzereinstellungen und -daten verarbeitet. Hierbei k\u00f6nnen wir nicht ausschlie\u00dfen, dass Google Server in den USA einsetzt.<\/p>\n<p>Rechtsgrundlage ist Art. 6 Abs. 1 lit. f) DSGVO. Unser berechtigtes Interesse liegt in der Optimierung der Funktionalit\u00e4t unseres Internetauftritts.<\/p>\n<p>Durch die so hergestellte Verbindung zu Google kann Google ermitteln, von welcher Website Ihre Anfrage gesendet worden ist und an welche IP-Adresse die Anfahrtsbeschreibung zu \u00fcbermitteln ist.<\/p>\n<p>Sofern Sie mit dieser Verarbeitung nicht einverstanden sind, haben Sie die M\u00f6glichkeit, die Installation der Cookies durch die entsprechenden Einstellungen in Ihrem Internet-Browser zu verhindern. Einzelheiten hierzu finden Sie vorstehend unter dem Punkt \u201eCookies\u201c.<\/p>\n<p>Zudem erfolgt die Nutzung von Google Maps sowie der \u00fcber Google Maps erlangten Informationen nach den <a href=\"http:\/\/www.google.de\/accounts\/TOS\" target=\"_blank\" rel=\"noopener\">Google-Nutzungsbedingungen<\/a>\u00a0<a href=\"https:\/\/policies.google.com\/terms?gl=DE&amp;hl=de\" target=\"_blank\" rel=\"noopener\">https:\/\/policies.google.com\/terms?gl=DE&amp;hl=de<\/a> und den <a href=\"http:\/\/www.google.com\/intl\/de_de\/help\/terms_maps.html\" target=\"_blank\" rel=\"noopener\">Gesch\u00e4ftsbedingungen f\u00fcr Google Maps<\/a> https:\/\/www.google.com\/intl\/de_de\/help\/terms_maps.html.<\/p>\n<p>\u00dcberdies bietet Google unter<\/p>\n<p><a href=\"https:\/\/adssettings.google.com\/authenticated\" target=\"_blank\" rel=\"noopener\">https:\/\/adssettings.google.com\/authenticated<\/a><\/p>\n<p><a href=\"https:\/\/policies.google.com\/privacy\" target=\"_blank\" rel=\"noopener\">https:\/\/policies.google.com\/privacy<\/a><\/p>\n<p>weitergehende Informationen an.<\/p>\n<p>&nbsp;<\/p>\n<p><a href=\"https:\/\/www.ratgeberrecht.eu\/leistungen\/muster-datenschutzerklaerung.html\" target=\"_blank\" rel=\"noopener\">Muster-Datenschutzerkl\u00e4rung<\/a> der <a href=\"https:\/\/www.ratgeberrecht.eu\/\" target=\"_blank\" rel=\"noopener\">Anwaltskanzlei Wei\u00df &amp; Partner<\/a><\/p>\n<\/div>\n[\/vc_column_text][vc_empty_space height=&#8220;75&#8243;][\/vc_column][\/mk_page_section]\n","protected":false},"excerpt":{"rendered":"<p>[mk_page_section][vc_column width=&#8220;1\/2&#8243;][vc_empty_space height=&#8220;75&#8243;][mk_fancy_title font_family=&#8220;none&#8220; responsive_align=&#8220;left&#8220;] Impressum [\/mk_fancy_title][vc_column_text css=&#8220;.vc_custom_1715793618956{margin-bottom: 0px !important;}&#8220;]Wonderfuel GmbH Finkenstra\u00dfe 3 D-71577 Gro\u00dferlach Vertretungsberechtigter Gesch\u00e4ftsf\u00fchrer: Markus Pfreundtner Telefon: +49 (0) 7192 \/ 9313647 E-mail: info@wonderfuel.de Registergericht: Amtsgericht Stuttgart Registernummer: HRB 737273 Umsatzsteuer-Identifikationsnummer gem. \u00a7 27a UStG: DE 277489019[\/vc_column_text][\/vc_column][vc_column width=&#8220;1\/2&#8243;][vc_empty_space height=&#8220;75&#8243;][vc_column_text css=&#8220;.vc_custom_1532423077452{margin-bottom: 0px !important;}&#8220;] Haftungsausschluss Auf unseren Webseiten sind Links auf fremde Seiten enthalten. [&hellip;]<\/p>\n","protected":false},"author":2,"featured_media":0,"parent":0,"menu_order":0,"comment_status":"closed","ping_status":"closed","template":"","meta":[],"_links":{"self":[{"href":"https:\/\/www.wonderfuel.de\/index.php\/wp-json\/wp\/v2\/pages\/29"}],"collection":[{"href":"https:\/\/www.wonderfuel.de\/index.php\/wp-json\/wp\/v2\/pages"}],"about":[{"href":"https:\/\/www.wonderfuel.de\/index.php\/wp-json\/wp\/v2\/types\/page"}],"author":[{"embeddable":true,"href":"https:\/\/www.wonderfuel.de\/index.php\/wp-json\/wp\/v2\/users\/2"}],"replies":[{"embeddable":true,"href":"https:\/\/www.wonderfuel.de\/index.php\/wp-json\/wp\/v2\/comments?post=29"}],"version-history":[{"count":20,"href":"https:\/\/www.wonderfuel.de\/index.php\/wp-json\/wp\/v2\/pages\/29\/revisions"}],"predecessor-version":[{"id":1460,"href":"https:\/\/www.wonderfuel.de\/index.php\/wp-json\/wp\/v2\/pages\/29\/revisions\/1460"}],"wp:attachment":[{"href":"https:\/\/www.wonderfuel.de\/index.php\/wp-json\/wp\/v2\/media?parent=29"}],"curies":[{"name":"wp","href":"https:\/\/api.w.org\/{rel}","templated":true}]}}