{"id":11,"date":"2018-07-13T14:52:23","date_gmt":"2018-07-13T12:52:23","guid":{"rendered":"http:\/\/wonderfuel.kreafaktur.com\/?page_id=11"},"modified":"2025-05-21T21:59:45","modified_gmt":"2025-05-21T19:59:45","slug":"qualitaet","status":"publish","type":"page","link":"https:\/\/www.wonderfuel.de\/index.php\/qualitaet\/","title":{"rendered":"Qualit\u00e4t"},"content":{"rendered":"<div class=\"wpb-content-wrapper\">[mk_page_section bg_image=&#8220;https:\/\/www.wonderfuel.de\/wp-content\/uploads\/2018\/08\/wonderfuel-header-service-1920&#215;1080.jpg&#8220; bg_stretch=&#8220;true&#8220; enable_3d=&#8220;true&#8220; top_shadow=&#8220;true&#8220; full_height=&#8220;true&#8220; sidebar=&#8220;sidebar-1&#8243;][vc_column][mk_layerslider id=&#8220;3&#8243;][\/vc_column][\/mk_page_section][mk_page_section bg_stretch=&#8220;true&#8220; full_height=&#8220;true&#8220; sidebar=&#8220;sidebar-1&#8243;][vc_column width=&#8220;1\/3&#8243; offset=&#8220;vc_hidden-sm vc_hidden-xs&#8220;][vc_empty_space height=&#8220;75&#8243;][mk_fancy_title font_family=&#8220;none&#8220;]\n<h1>Service<\/h1>\n<p><img loading=\"lazy\" class=\"alignnone size-full wp-image-225\" src=\"https:\/\/www.wonderfuel.de\/wp-content\/uploads\/2018\/07\/trennlinie-wonderfuel.png\" alt=\"\" width=\"31\" height=\"8\" \/>[\/mk_fancy_title][vc_empty_space height=&#8220;75&#8243;][\/vc_column][vc_column width=&#8220;2\/3&#8243; offset=&#8220;vc_hidden-sm vc_hidden-xs&#8220;][vc_empty_space height=&#8220;75&#8243;][vc_column_text css=&#8220;.vc_custom_1576091859824{margin-bottom: 0px !important;}&#8220;]<span class=\" author-d-1gg9uz65z1iz85zgdz68zmqkz84zo2qoxwez122zz87zmz77zz73zz71ztz72zp3bthz78zllz75zz65z1jhz74zz87zz66zrb4z67zk\">Sorglos und nachhaltig Heizen mit wonderfuel Holzbrennstoffen ist unser Versprechen an Sie. D<\/span><span class=\" author-d-1gg9uz65z1iz85zgdz68zmqkz84zo2qoxwez122zz87zmz77zz73zz71ztz72zp3bthz78zllz75zz65z1jhz74zz87zz66zrb4z67zk\">as Gesamtpaket von wonderfuel besteht darin, eine Produktqualit\u00e4t im h\u00f6chsten Umfang zu gew\u00e4hrleisten, eine umfangreiche Dienstleistung zu bieten und eine saubere sowie sichere Anlieferung durchzuf\u00fchren.\u00a0<\/span>[\/vc_column_text][vc_empty_space height=&#8220;40&#8243;][mk_fancy_title font_family=&#8220;none&#8220;]\n<h3><span class=\" author-d-1gg9uz65z1iz85zgdz68zmqkz84zo2qoxwez122zz87zmz77zz73zz71ztz72zp3bthz78zllz75zz65z1jhz74zz87zz66zrb4z67zk\">Wir beraten Sie gerne zu unseren Produkten.<\/span><\/h3>\n[\/mk_fancy_title][vc_column_text css=&#8220;.vc_custom_1576947447254{margin-bottom: 0px !important;}&#8220;]Sorglos bei wonderfuel Ihre Holzbrennstoffe kaufen hei\u00dft, Kostentransparenz \u00fcber die gesamte Produktpalette zu haben und dabei steht bei wonderfuel Ihre Sicherheit an erster Stelle. Eine hohe Betriebssicherheit und maximale Lebensdauer der Feuerungsst\u00e4tte durch qualitative hochwertige Holzbrennstoffe. Unsere Holzbrennstoffe haben einen hohen Wirkungsgrad und senken somit die Heizkosten.[\/vc_column_text][mk_button dimension=&#8220;flat&#8220; corner_style=&#8220;full_rounded&#8220; size=&#8220;large&#8220; url=&#8220;\/shop-produktuebersicht&#8220; btn_hover_bg=&#8220;#b71918&#8243;]Jetzt online bestellen![\/mk_button][vc_empty_space height=&#8220;75&#8243;][\/vc_column][\/mk_page_section][mk_page_section bg_color=&#8220;#000000&#8243; bg_position=&#8220;center center&#8220; bg_repeat=&#8220;no-repeat&#8220; bg_stretch=&#8220;true&#8220; enable_3d=&#8220;true&#8220; min_height=&#8220;400&#8243; sidebar=&#8220;sidebar-1&#8243;][vc_column width=&#8220;1\/4&#8243;][vc_empty_space height=&#8220;75&#8243;][mk_icon_box2 icon_size=&#8220;48&#8243; icon=&#8220;mk-icon-shopping-cart&#8220; icon_color=&#8220;#e94e24&#8243; title=&#8220;Bestellung&#8220; title_size=&#8220;30&#8243; title_color=&#8220;#ffffff&#8220; description_color=&#8220;#ffffff&#8220; animation=&#8220;left-to-right&#8220;]Ware bequem \u00fcber unseren Shop bestellen.<br \/>\nBitte beachten Sie dabei unser Liefergebiet![\/mk_icon_box2][vc_empty_space height=&#8220;75&#8243;][\/vc_column][vc_column width=&#8220;1\/4&#8243;][vc_empty_space height=&#8220;75&#8243;][mk_icon_box2 icon_size=&#8220;48&#8243; icon=&#8220;mk-icon-truck&#8220; icon_color=&#8220;#e94e24&#8243; title=&#8220;Lieferung&#8220; title_size=&#8220;30&#8243; title_color=&#8220;#ffffff&#8220; description_color=&#8220;#ffffff&#8220; animation=&#8220;left-to-right&#8220;]Die Lieferung erfolgt durch wonderfuel oder einem unserer Partner des Vertrauens.[\/mk_icon_box2][vc_empty_space height=&#8220;75&#8243;][\/vc_column][vc_column width=&#8220;1\/4&#8243;][vc_empty_space height=&#8220;75&#8243;][mk_icon_box2 icon_size=&#8220;48&#8243; icon=&#8220;mk-icon-filter&#8220; icon_color=&#8220;#e94e24&#8243; title=&#8220;F\u00fcllmenge&#8220; title_size=&#8220;30&#8243; title_color=&#8220;#ffffff&#8220; description_color=&#8220;#ffffff&#8220; animation=&#8220;left-to-right&#8220;]Die Menge \u00e4ndert sich am Tag der Lieferung?<br \/>\nKein Problem, wir passen Ihre Bestellung an![\/mk_icon_box2][vc_empty_space height=&#8220;75&#8243;][\/vc_column][vc_column width=&#8220;1\/4&#8243;][vc_empty_space height=&#8220;75&#8243;][mk_icon_box2 icon_size=&#8220;48&#8243; icon=&#8220;mk-icon-file-text&#8220; icon_color=&#8220;#e94e24&#8243; title=&#8220;Rechnung&#8220; title_size=&#8220;30&#8243; title_color=&#8220;#ffffff&#8220; description_color=&#8220;#ffffff&#8220; animation=&#8220;left-to-right&#8220;]Die Rechnung erhalten Sie bei Lieferung.<br \/>\n\u00c4nderungen werden dabei ber\u00fccksichtigt.[\/mk_icon_box2][vc_empty_space height=&#8220;75&#8243;][\/vc_column][\/mk_page_section][mk_page_section bg_stretch=&#8220;true&#8220; full_height=&#8220;true&#8220; sidebar=&#8220;sidebar-1&#8243;][vc_column width=&#8220;1\/3&#8243; offset=&#8220;vc_hidden-sm vc_hidden-xs&#8220;][vc_empty_space height=&#8220;75&#8243;][mk_fancy_title font_family=&#8220;none&#8220;]\n<h1>Qualit\u00e4t<\/h1>\n<p><img loading=\"lazy\" class=\"alignnone size-full wp-image-225\" src=\"https:\/\/www.wonderfuel.de\/wp-content\/uploads\/2018\/07\/trennlinie-wonderfuel.png\" alt=\"\" width=\"31\" height=\"8\" \/>[\/mk_fancy_title][vc_empty_space height=&#8220;75&#8243;][\/vc_column][vc_column width=&#8220;2\/3&#8243; offset=&#8220;vc_hidden-sm vc_hidden-xs&#8220;][vc_empty_space height=&#8220;75&#8243;][vc_column_text css=&#8220;.vc_custom_1576947719784{margin-bottom: 0px !important;}&#8220;]Wir bei wonderfuel sind Ihr zuverl\u00e4ssiger Partner\u00a0f\u00fcr hochqualitative Holzbrennstoffe. Mit unserem breiten Sortiment an Holzpellets, Holzbriketts, Brennholz, Anz\u00fcndholz sowie Anz\u00fcndwolle unterst\u00fctzen wir Sie dabei, effektiv zu heizen, Ihre Heizkosten zu senken und die Natur dabei zu erhalten.[\/vc_column_text][vc_empty_space height=&#8220;40&#8243;][mk_fancy_title font_family=&#8220;none&#8220;]\n<h3>Premiumqualit\u00e4t zu 100% made in Germany<\/h3>\n[\/mk_fancy_title][vc_column_text css=&#8220;.vc_custom_1576947782974{margin-bottom: 0px !important;}&#8220;]Wir legen Wert darauf, dass unsere Produkte aus heimischen W\u00e4ldern stammen und setzten dabei auf modernste Technologien.<\/p>\n<p>Profitieren Sie noch heute beim Heizen von den vielf\u00e4ltigen Einsatzm\u00f6glichkeiten, der hohen Versorgungssicherheit und der guten Umweltvertr\u00e4glichkeit des nat\u00fcrlich nachwachsenden Rohstoffs Holz.[\/vc_column_text][mk_fancy_title font_family=&#8220;none&#8220;]\n<h3>Zertifizierte Premium Qualit\u00e4t<\/h3>\n[\/mk_fancy_title][vc_column_text css=&#8220;.vc_custom_1576947913998{margin-bottom: 0px !important;}&#8220;]Unser nachhaltiges Versprechen ist nachweislich zertifiziert. Wir bei wonderfuel haben ein Verantwortungsbewusstsein und Umweltengagement im Sinne einer nachhaltigen Entwicklung und das belegen unsere Zertifikate.<\/p>\n<p>Denn seit\u00a02010 besteht, eine europaweit g\u00fcltige Norm f\u00fcr die Qualit\u00e4t von Holzpellets. Neben einem bestimmten Mindestheizwert und Anforderungen an Gr\u00f6\u00dfe und Durchmesser der Pellets spielen auch Kriterien wie der Schadstoffgehalt von Holzpellets eine wichtige Rolle. Zur Sicherung dieser Vorgaben gibt es in Deutschland zwei Zertifikate, die dem Verbraucher beim Kauf Orientierung geben: EN plus und DIN plus. Die PEFC Zertifizierung erkl\u00e4rt der T\u00dcV selbst als eine\u00a0<a href=\"https:\/\/www.tuvsud.com\/de-de\/dienstleistungen\/auditierung-und-zertifizierung\/produktketten-zertifizierung\/pefc-coc-zertifizierung?gclid=CjwKCAiA58fvBRAzEiwAQW-hzSf_SQFlm4L_EZa-ubr-mPNNLIkwycLFxJInJSFnvHFJYolzzYoYTRoCpQMQAvD_BwE\">&#8222;nachhaltige Waldbewirtschaftung, um die Nutzung des nat\u00fcrlichen Rohstoffes Holz auf schonende und kosteneffiziente Weise zu f\u00f6rdern.&#8220;<\/a>[\/vc_column_text][vc_row_inner][vc_column_inner width=&#8220;1\/3&#8243;][vc_single_image image=&#8220;584&#8243; img_size=&#8220;116&#215;100&#8243; add_caption=&#8220;yes&#8220; css_animation=&#8220;fadeIn&#8220;][\/vc_column_inner][vc_column_inner width=&#8220;1\/3&#8243;][vc_single_image image=&#8220;1640&#8243; img_size=&#8220;128&#215;92&#8243; add_caption=&#8220;yes&#8220; css_animation=&#8220;fadeIn&#8220; css=&#8220;&#8220;][\/vc_column_inner][vc_column_inner width=&#8220;1\/3&#8243;][vc_single_image image=&#8220;582&#8243; img_size=&#8220;81&#215;92&#8243; add_caption=&#8220;yes&#8220; css_animation=&#8220;fadeIn&#8220;][\/vc_column_inner][\/vc_row_inner][\/vc_column][\/mk_page_section]\n<\/div>","protected":false},"excerpt":{"rendered":"<p>[mk_page_section bg_image=&#8220;https:\/\/www.wonderfuel.de\/wp-content\/uploads\/2018\/08\/wonderfuel-header-service-1920&#215;1080.jpg&#8220; bg_stretch=&#8220;true&#8220; enable_3d=&#8220;true&#8220; top_shadow=&#8220;true&#8220; full_height=&#8220;true&#8220; sidebar=&#8220;sidebar-1&#8243;][vc_column][mk_layerslider id=&#8220;3&#8243;][\/vc_column][\/mk_page_section][mk_page_section bg_stretch=&#8220;true&#8220; full_height=&#8220;true&#8220; sidebar=&#8220;sidebar-1&#8243;][vc_column width=&#8220;1\/3&#8243; offset=&#8220;vc_hidden-sm vc_hidden-xs&#8220;][vc_empty_space height=&#8220;75&#8243;][mk_fancy_title font_family=&#8220;none&#8220;] Service [\/mk_fancy_title][vc_empty_space height=&#8220;75&#8243;][\/vc_column][vc_column width=&#8220;2\/3&#8243; offset=&#8220;vc_hidden-sm vc_hidden-xs&#8220;][vc_empty_space height=&#8220;75&#8243;][vc_column_text css=&#8220;.vc_custom_1576091859824{margin-bottom: 0px !important;}&#8220;]Sorglos und nachhaltig Heizen mit wonderfuel Holzbrennstoffen ist unser Versprechen an Sie. Das Gesamtpaket von wonderfuel besteht darin, eine Produktqualit\u00e4t im h\u00f6chsten Umfang zu gew\u00e4hrleisten, eine umfangreiche Dienstleistung zu bieten [&hellip;]<\/p>\n","protected":false},"author":2,"featured_media":0,"parent":0,"menu_order":0,"comment_status":"closed","ping_status":"closed","template":"","meta":[],"_links":{"self":[{"href":"https:\/\/www.wonderfuel.de\/index.php\/wp-json\/wp\/v2\/pages\/11"}],"collection":[{"href":"https:\/\/www.wonderfuel.de\/index.php\/wp-json\/wp\/v2\/pages"}],"about":[{"href":"https:\/\/www.wonderfuel.de\/index.php\/wp-json\/wp\/v2\/types\/page"}],"author":[{"embeddable":true,"href":"https:\/\/www.wonderfuel.de\/index.php\/wp-json\/wp\/v2\/users\/2"}],"replies":[{"embeddable":true,"href":"https:\/\/www.wonderfuel.de\/index.php\/wp-json\/wp\/v2\/comments?post=11"}],"version-history":[{"count":56,"href":"https:\/\/www.wonderfuel.de\/index.php\/wp-json\/wp\/v2\/pages\/11\/revisions"}],"predecessor-version":[{"id":1643,"href":"https:\/\/www.wonderfuel.de\/index.php\/wp-json\/wp\/v2\/pages\/11\/revisions\/1643"}],"wp:attachment":[{"href":"https:\/\/www.wonderfuel.de\/index.php\/wp-json\/wp\/v2\/media?parent=11"}],"curies":[{"name":"wp","href":"https:\/\/api.w.org\/{rel}","templated":true}]}}